{"id":2136,"date":"2025-12-14T16:29:22","date_gmt":"2025-12-14T16:29:22","guid":{"rendered":"https:\/\/www.fahmimarketing.ma\/?post_type=product&#038;p=2136"},"modified":"2026-04-15T14:59:57","modified_gmt":"2026-04-15T14:59:57","slug":"presse-a-chaud-multifonction-5-en-1-machine-de-sublimation-complete-t-shirts-mugs-casquettes-assiettes","status":"publish","type":"product","link":"https:\/\/www.fahmimarketing.ma\/ar\/product\/presse-a-chaud-multifonction-5-en-1-machine-de-sublimation-complete-t-shirts-mugs-casquettes-assiettes\/","title":{"rendered":"Presse \u00e0 Chaud Multifonction 5 en 1 \u2013 Machine de Sublimation Compl\u00e8te (T-shirts, Mugs, Casquettes, Assiettes)"},"content":{"rendered":"<p>Lancez votre activit\u00e9 de personnalisation avec cette presse \u00e0 chaud 5 en 1 polyvalente. Id\u00e9ale pour les professionnels et les d\u00e9butants, elle permet le transfert thermique sur une grande vari\u00e9t\u00e9 de supports.<\/p>\n<p>Surface de travail : Plateau plat de 38 x 29 cm pour T-shirts et textiles.<\/p>\n<p>Accessoires inclus : Presse \u00e0 mugs, accessoire pour casquettes, et deux tailles pour assiettes (mini et grande).<\/p>\n<p>Performance : Contr\u00f4le num\u00e9rique de la temp\u00e9rature et du temps pour des r\u00e9sultats pr\u00e9cis et durables.<\/p>","protected":false},"excerpt":{"rendered":"<p>Lancez votre activit\u00e9 de personnalisation avec cette presse \u00e0 chaud 5 en 1 polyvalente. Id\u00e9ale pour les professionnels et les d\u00e9butants, elle permet le transfert thermique sur une grande vari\u00e9t\u00e9 de supports. Surface de travail : Plateau plat de 38 x 29 cm pour T-shirts et textiles. Accessoires inclus : Presse \u00e0 mugs, accessoire pour casquettes, et deux tailles pour\u2026<\/p>","protected":false},"featured_media":2141,"comment_status":"open","ping_status":"closed","template":"","meta":{"_joinchat":[]},"product_brand":[],"product_cat":[68],"product_tag":[],"class_list":{"0":"post-2136","1":"product","2":"type-product","3":"status-publish","4":"has-post-thumbnail","6":"product_cat-presse","8":"first","9":"instock","10":"sale","11":"shipping-taxable","12":"purchasable","13":"product-type-simple"},"yoast_head":"<!-- This site is optimized with the Yoast SEO plugin v26.6 - https:\/\/yoast.com\/wordpress\/plugins\/seo\/ -->\n<title>Presse \u00e0 Chaud Multifonction 5 en 1 \u2013 Machine de Sublimation Compl\u00e8te (T-shirts, Mugs, Casquettes, Assiettes) - fahmimarketing<\/title>\n<meta name=\"robots\" content=\"index, follow, max-snippet:-1, max-image-preview:large, max-video-preview:-1\" \/>\n<link rel=\"canonical\" href=\"https:\/\/www.fahmimarketing.ma\/ar\/product\/presse-a-chaud-multifonction-5-en-1-machine-de-sublimation-complete-t-shirts-mugs-casquettes-assiettes\/\" \/>\n<meta property=\"og:locale\" content=\"ar_AR\" \/>\n<meta property=\"og:type\" content=\"article\" \/>\n<meta property=\"og:title\" content=\"Presse \u00e0 Chaud Multifonction 5 en 1 \u2013 Machine de Sublimation Compl\u00e8te (T-shirts, Mugs, Casquettes, Assiettes) - fahmimarketing\" \/>\n<meta property=\"og:description\" content=\"Lancez votre activit\u00e9 de personnalisation avec cette presse \u00e0 chaud 5 en 1 polyvalente. Id\u00e9ale pour les professionnels et les d\u00e9butants, elle permet le transfert thermique sur une grande vari\u00e9t\u00e9 de supports. Surface de travail : Plateau plat de 38 x 29 cm pour T-shirts et textiles. Accessoires inclus : Presse \u00e0 mugs, accessoire pour casquettes, et deux tailles pour\u2026\" \/>\n<meta property=\"og:url\" content=\"https:\/\/www.fahmimarketing.ma\/ar\/product\/presse-a-chaud-multifonction-5-en-1-machine-de-sublimation-complete-t-shirts-mugs-casquettes-assiettes\/\" \/>\n<meta property=\"og:site_name\" content=\"fahmimarketing\" \/>\n<meta property=\"article:modified_time\" content=\"2026-04-15T14:59:57+00:00\" \/>\n<meta property=\"og:image\" content=\"https:\/\/www.fahmimarketing.ma\/wp-content\/uploads\/2025\/12\/0df6a535-1244-4889-9a04-7d267a1e50e7.webp\" \/>\n\t<meta property=\"og:image:width\" content=\"1024\" \/>\n\t<meta property=\"og:image:height\" content=\"1024\" \/>\n\t<meta property=\"og:image:type\" content=\"image\/webp\" \/>\n<meta name=\"twitter:card\" content=\"summary_large_image\" \/>\n<script type=\"application\/ld+json\" class=\"yoast-schema-graph\">{\"@context\":\"https:\/\/schema.org\",\"@graph\":[{\"@type\":\"WebPage\",\"@id\":\"https:\/\/www.fahmimarketing.ma\/product\/presse-a-chaud-multifonction-5-en-1-machine-de-sublimation-complete-t-shirts-mugs-casquettes-assiettes\/\",\"url\":\"https:\/\/www.fahmimarketing.ma\/product\/presse-a-chaud-multifonction-5-en-1-machine-de-sublimation-complete-t-shirts-mugs-casquettes-assiettes\/\",\"name\":\"Presse \u00e0 Chaud Multifonction 5 en 1 \u2013 Machine de Sublimation Compl\u00e8te (T-shirts, Mugs, Casquettes, Assiettes) - fahmimarketing\",\"isPartOf\":{\"@id\":\"https:\/\/www.fahmimarketing.ma\/#website\"},\"primaryImageOfPage\":{\"@id\":\"https:\/\/www.fahmimarketing.ma\/product\/presse-a-chaud-multifonction-5-en-1-machine-de-sublimation-complete-t-shirts-mugs-casquettes-assiettes\/#primaryimage\"},\"image\":{\"@id\":\"https:\/\/www.fahmimarketing.ma\/product\/presse-a-chaud-multifonction-5-en-1-machine-de-sublimation-complete-t-shirts-mugs-casquettes-assiettes\/#primaryimage\"},\"thumbnailUrl\":\"https:\/\/www.fahmimarketing.ma\/wp-content\/uploads\/2025\/12\/0df6a535-1244-4889-9a04-7d267a1e50e7.webp\",\"datePublished\":\"2025-12-14T16:29:22+00:00\",\"dateModified\":\"2026-04-15T14:59:57+00:00\",\"breadcrumb\":{\"@id\":\"https:\/\/www.fahmimarketing.ma\/product\/presse-a-chaud-multifonction-5-en-1-machine-de-sublimation-complete-t-shirts-mugs-casquettes-assiettes\/#breadcrumb\"},\"inLanguage\":\"ar\",\"potentialAction\":[{\"@type\":\"ReadAction\",\"target\":[\"https:\/\/www.fahmimarketing.ma\/product\/presse-a-chaud-multifonction-5-en-1-machine-de-sublimation-complete-t-shirts-mugs-casquettes-assiettes\/\"]}]},{\"@type\":\"ImageObject\",\"inLanguage\":\"ar\",\"@id\":\"https:\/\/www.fahmimarketing.ma\/product\/presse-a-chaud-multifonction-5-en-1-machine-de-sublimation-complete-t-shirts-mugs-casquettes-assiettes\/#primaryimage\",\"url\":\"https:\/\/www.fahmimarketing.ma\/wp-content\/uploads\/2025\/12\/0df6a535-1244-4889-9a04-7d267a1e50e7.webp\",\"contentUrl\":\"https:\/\/www.fahmimarketing.ma\/wp-content\/uploads\/2025\/12\/0df6a535-1244-4889-9a04-7d267a1e50e7.webp\",\"width\":1024,\"height\":1024},{\"@type\":\"BreadcrumbList\",\"@id\":\"https:\/\/www.fahmimarketing.ma\/product\/presse-a-chaud-multifonction-5-en-1-machine-de-sublimation-complete-t-shirts-mugs-casquettes-assiettes\/#breadcrumb\",\"itemListElement\":[{\"@type\":\"ListItem\",\"position\":1,\"name\":\"Accueil\",\"item\":\"https:\/\/www.fahmimarketing.ma\/\"},{\"@type\":\"ListItem\",\"position\":2,\"name\":\"Shop\",\"item\":\"https:\/\/www.fahmimarketing.ma\/shop\/\"},{\"@type\":\"ListItem\",\"position\":3,\"name\":\"Presse \u00e0 Chaud Multifonction 5 en 1 \u2013 Machine de Sublimation Compl\u00e8te (T-shirts, Mugs, Casquettes, Assiettes)\"}]},{\"@type\":\"WebSite\",\"@id\":\"https:\/\/www.fahmimarketing.ma\/#website\",\"url\":\"https:\/\/www.fahmimarketing.ma\/\",\"name\":\"fahmimarketing\",\"description\":\"\",\"potentialAction\":[{\"@type\":\"SearchAction\",\"target\":{\"@type\":\"EntryPoint\",\"urlTemplate\":\"https:\/\/www.fahmimarketing.ma\/?s={search_term_string}\"},\"query-input\":{\"@type\":\"PropertyValueSpecification\",\"valueRequired\":true,\"valueName\":\"search_term_string\"}}],\"inLanguage\":\"ar\"}]}<\/script>\n<!-- \/ Yoast SEO plugin. -->","yoast_head_json":{"title":"Presse \u00e0 Chaud Multifonction 5 en 1 \u2013 Machine de Sublimation Compl\u00e8te (T-shirts, Mugs, Casquettes, Assiettes) - fahmimarketing","robots":{"index":"index","follow":"follow","max-snippet":"max-snippet:-1","max-image-preview":"max-image-preview:large","max-video-preview":"max-video-preview:-1"},"canonical":"https:\/\/www.fahmimarketing.ma\/ar\/product\/presse-a-chaud-multifonction-5-en-1-machine-de-sublimation-complete-t-shirts-mugs-casquettes-assiettes\/","og_locale":"ar_AR","og_type":"article","og_title":"Presse \u00e0 Chaud Multifonction 5 en 1 \u2013 Machine de Sublimation Compl\u00e8te (T-shirts, Mugs, Casquettes, Assiettes) - fahmimarketing","og_description":"Lancez votre activit\u00e9 de personnalisation avec cette presse \u00e0 chaud 5 en 1 polyvalente. Id\u00e9ale pour les professionnels et les d\u00e9butants, elle permet le transfert thermique sur une grande vari\u00e9t\u00e9 de supports. Surface de travail : Plateau plat de 38 x 29 cm pour T-shirts et textiles. Accessoires inclus : Presse \u00e0 mugs, accessoire pour casquettes, et deux tailles pour\u2026","og_url":"https:\/\/www.fahmimarketing.ma\/ar\/product\/presse-a-chaud-multifonction-5-en-1-machine-de-sublimation-complete-t-shirts-mugs-casquettes-assiettes\/","og_site_name":"fahmimarketing","article_modified_time":"2026-04-15T14:59:57+00:00","og_image":[{"width":1024,"height":1024,"url":"https:\/\/www.fahmimarketing.ma\/wp-content\/uploads\/2025\/12\/0df6a535-1244-4889-9a04-7d267a1e50e7.webp","type":"image\/webp"}],"twitter_card":"summary_large_image","schema":{"@context":"https:\/\/schema.org","@graph":[{"@type":"WebPage","@id":"https:\/\/www.fahmimarketing.ma\/product\/presse-a-chaud-multifonction-5-en-1-machine-de-sublimation-complete-t-shirts-mugs-casquettes-assiettes\/","url":"https:\/\/www.fahmimarketing.ma\/product\/presse-a-chaud-multifonction-5-en-1-machine-de-sublimation-complete-t-shirts-mugs-casquettes-assiettes\/","name":"Presse \u00e0 Chaud Multifonction 5 en 1 \u2013 Machine de Sublimation Compl\u00e8te (T-shirts, Mugs, Casquettes, Assiettes) - fahmimarketing","isPartOf":{"@id":"https:\/\/www.fahmimarketing.ma\/#website"},"primaryImageOfPage":{"@id":"https:\/\/www.fahmimarketing.ma\/product\/presse-a-chaud-multifonction-5-en-1-machine-de-sublimation-complete-t-shirts-mugs-casquettes-assiettes\/#primaryimage"},"image":{"@id":"https:\/\/www.fahmimarketing.ma\/product\/presse-a-chaud-multifonction-5-en-1-machine-de-sublimation-complete-t-shirts-mugs-casquettes-assiettes\/#primaryimage"},"thumbnailUrl":"https:\/\/www.fahmimarketing.ma\/wp-content\/uploads\/2025\/12\/0df6a535-1244-4889-9a04-7d267a1e50e7.webp","datePublished":"2025-12-14T16:29:22+00:00","dateModified":"2026-04-15T14:59:57+00:00","breadcrumb":{"@id":"https:\/\/www.fahmimarketing.ma\/product\/presse-a-chaud-multifonction-5-en-1-machine-de-sublimation-complete-t-shirts-mugs-casquettes-assiettes\/#breadcrumb"},"inLanguage":"ar","potentialAction":[{"@type":"ReadAction","target":["https:\/\/www.fahmimarketing.ma\/product\/presse-a-chaud-multifonction-5-en-1-machine-de-sublimation-complete-t-shirts-mugs-casquettes-assiettes\/"]}]},{"@type":"ImageObject","inLanguage":"ar","@id":"https:\/\/www.fahmimarketing.ma\/product\/presse-a-chaud-multifonction-5-en-1-machine-de-sublimation-complete-t-shirts-mugs-casquettes-assiettes\/#primaryimage","url":"https:\/\/www.fahmimarketing.ma\/wp-content\/uploads\/2025\/12\/0df6a535-1244-4889-9a04-7d267a1e50e7.webp","contentUrl":"https:\/\/www.fahmimarketing.ma\/wp-content\/uploads\/2025\/12\/0df6a535-1244-4889-9a04-7d267a1e50e7.webp","width":1024,"height":1024},{"@type":"BreadcrumbList","@id":"https:\/\/www.fahmimarketing.ma\/product\/presse-a-chaud-multifonction-5-en-1-machine-de-sublimation-complete-t-shirts-mugs-casquettes-assiettes\/#breadcrumb","itemListElement":[{"@type":"ListItem","position":1,"name":"Accueil","item":"https:\/\/www.fahmimarketing.ma\/"},{"@type":"ListItem","position":2,"name":"Shop","item":"https:\/\/www.fahmimarketing.ma\/shop\/"},{"@type":"ListItem","position":3,"name":"Presse \u00e0 Chaud Multifonction 5 en 1 \u2013 Machine de Sublimation Compl\u00e8te (T-shirts, Mugs, Casquettes, Assiettes)"}]},{"@type":"WebSite","@id":"https:\/\/www.fahmimarketing.ma\/#website","url":"https:\/\/www.fahmimarketing.ma\/","name":"fahmimarketing","description":"","potentialAction":[{"@type":"SearchAction","target":{"@type":"EntryPoint","urlTemplate":"https:\/\/www.fahmimarketing.ma\/?s={search_term_string}"},"query-input":{"@type":"PropertyValueSpecification","valueRequired":true,"valueName":"search_term_string"}}],"inLanguage":"ar"}]}},"jetpack_sharing_enabled":true,"_links":{"self":[{"href":"https:\/\/www.fahmimarketing.ma\/ar\/wp-json\/wp\/v2\/product\/2136","targetHints":{"allow":["GET"]}}],"collection":[{"href":"https:\/\/www.fahmimarketing.ma\/ar\/wp-json\/wp\/v2\/product"}],"about":[{"href":"https:\/\/www.fahmimarketing.ma\/ar\/wp-json\/wp\/v2\/types\/product"}],"replies":[{"embeddable":true,"href":"https:\/\/www.fahmimarketing.ma\/ar\/wp-json\/wp\/v2\/comments?post=2136"}],"wp:featuredmedia":[{"embeddable":true,"href":"https:\/\/www.fahmimarketing.ma\/ar\/wp-json\/wp\/v2\/media\/2141"}],"wp:attachment":[{"href":"https:\/\/www.fahmimarketing.ma\/ar\/wp-json\/wp\/v2\/media?parent=2136"}],"wp:term":[{"taxonomy":"product_brand","embeddable":true,"href":"https:\/\/www.fahmimarketing.ma\/ar\/wp-json\/wp\/v2\/product_brand?post=2136"},{"taxonomy":"product_cat","embeddable":true,"href":"https:\/\/www.fahmimarketing.ma\/ar\/wp-json\/wp\/v2\/product_cat?post=2136"},{"taxonomy":"product_tag","embeddable":true,"href":"https:\/\/www.fahmimarketing.ma\/ar\/wp-json\/wp\/v2\/product_tag?post=2136"}],"curies":[{"name":"wp","href":"https:\/\/api.w.org\/{rel}","templated":true}]}}