{"id":2138,"date":"2025-12-14T16:27:11","date_gmt":"2025-12-14T16:27:11","guid":{"rendered":"https:\/\/www.fahmimarketing.ma\/?post_type=product&#038;p=2138"},"modified":"2025-12-31T20:55:45","modified_gmt":"2025-12-31T20:55:45","slug":"puce-de-boite-de-maintenance-c9345-pour-imprimantes-epson-l15150-l8050","status":"publish","type":"product","link":"https:\/\/www.fahmimarketing.ma\/ar\/product\/puce-de-boite-de-maintenance-c9345-pour-imprimantes-epson-l15150-l8050\/","title":{"rendered":"Puce de Bo\u00eete de Maintenance C9345 \u2013 Pour Imprimantes Epson L15150 \/ L8050"},"content":{"rendered":"<p>Puce de remplacement de haute qualit\u00e9 pour bo\u00eete de maintenance (r\u00e9servoir d&rsquo;encre usag\u00e9e). Indispensable pour remettre \u00e0 z\u00e9ro le compteur de votre imprimante et continuer la production.<\/p>\n<p>Mod\u00e8le : C9345.<\/p>\n<p>Compatibilit\u00e9 : Epson L15158, L15168, L15150, L15160, L6558, L8168, L8188, L8050.<\/p>\n<p>Fonction : Remplacement facile pour \u00e9viter les arr\u00eats d&rsquo;impression.<\/p>","protected":false},"excerpt":{"rendered":"<p>Puce de remplacement de haute qualit\u00e9 pour bo\u00eete de maintenance (r\u00e9servoir d&rsquo;encre usag\u00e9e). Indispensable pour remettre \u00e0 z\u00e9ro le compteur de votre imprimante et continuer la production. Mod\u00e8le : C9345. Compatibilit\u00e9 : Epson L15158, L15168, L15150, L15160, L6558, L8168, L8188, L8050. Fonction : Remplacement facile pour \u00e9viter les arr\u00eats d&rsquo;impression.<\/p>","protected":false},"featured_media":2140,"comment_status":"open","ping_status":"closed","template":"","meta":{"_joinchat":[]},"product_brand":[],"product_cat":[66],"product_tag":[],"class_list":{"0":"post-2138","1":"product","2":"type-product","3":"status-publish","4":"has-post-thumbnail","6":"product_cat-epson","8":"first","9":"instock","10":"sale","11":"shipping-taxable","12":"purchasable","13":"product-type-simple"},"yoast_head":"<!-- This site is optimized with the Yoast SEO plugin v26.6 - https:\/\/yoast.com\/wordpress\/plugins\/seo\/ -->\n<title>Puce de Bo\u00eete de Maintenance C9345 \u2013 Pour Imprimantes Epson L15150 \/ L8050 - fahmimarketing<\/title>\n<meta name=\"robots\" content=\"index, follow, max-snippet:-1, max-image-preview:large, max-video-preview:-1\" \/>\n<link rel=\"canonical\" href=\"https:\/\/www.fahmimarketing.ma\/ar\/product\/puce-de-boite-de-maintenance-c9345-pour-imprimantes-epson-l15150-l8050\/\" \/>\n<meta property=\"og:locale\" content=\"ar_AR\" \/>\n<meta property=\"og:type\" content=\"article\" \/>\n<meta property=\"og:title\" content=\"Puce de Bo\u00eete de Maintenance C9345 \u2013 Pour Imprimantes Epson L15150 \/ L8050 - fahmimarketing\" \/>\n<meta property=\"og:description\" content=\"Puce de remplacement de haute qualit\u00e9 pour bo\u00eete de maintenance (r\u00e9servoir d&rsquo;encre usag\u00e9e). Indispensable pour remettre \u00e0 z\u00e9ro le compteur de votre imprimante et continuer la production. Mod\u00e8le : C9345. Compatibilit\u00e9 : Epson L15158, L15168, L15150, L15160, L6558, L8168, L8188, L8050. Fonction : Remplacement facile pour \u00e9viter les arr\u00eats d&rsquo;impression.\" \/>\n<meta property=\"og:url\" content=\"https:\/\/www.fahmimarketing.ma\/ar\/product\/puce-de-boite-de-maintenance-c9345-pour-imprimantes-epson-l15150-l8050\/\" \/>\n<meta property=\"og:site_name\" content=\"fahmimarketing\" \/>\n<meta property=\"article:modified_time\" content=\"2025-12-31T20:55:45+00:00\" \/>\n<meta property=\"og:image\" content=\"https:\/\/www.fahmimarketing.ma\/wp-content\/uploads\/2025\/12\/2a1780fc-6a30-499a-846b-c71e3b305263.webp\" \/>\n\t<meta property=\"og:image:width\" content=\"1024\" \/>\n\t<meta property=\"og:image:height\" content=\"1024\" \/>\n\t<meta property=\"og:image:type\" content=\"image\/webp\" \/>\n<meta name=\"twitter:card\" content=\"summary_large_image\" \/>\n<script type=\"application\/ld+json\" class=\"yoast-schema-graph\">{\"@context\":\"https:\/\/schema.org\",\"@graph\":[{\"@type\":\"WebPage\",\"@id\":\"https:\/\/www.fahmimarketing.ma\/product\/puce-de-boite-de-maintenance-c9345-pour-imprimantes-epson-l15150-l8050\/\",\"url\":\"https:\/\/www.fahmimarketing.ma\/product\/puce-de-boite-de-maintenance-c9345-pour-imprimantes-epson-l15150-l8050\/\",\"name\":\"Puce de Bo\u00eete de Maintenance C9345 \u2013 Pour Imprimantes Epson L15150 \/ L8050 - fahmimarketing\",\"isPartOf\":{\"@id\":\"https:\/\/www.fahmimarketing.ma\/#website\"},\"primaryImageOfPage\":{\"@id\":\"https:\/\/www.fahmimarketing.ma\/product\/puce-de-boite-de-maintenance-c9345-pour-imprimantes-epson-l15150-l8050\/#primaryimage\"},\"image\":{\"@id\":\"https:\/\/www.fahmimarketing.ma\/product\/puce-de-boite-de-maintenance-c9345-pour-imprimantes-epson-l15150-l8050\/#primaryimage\"},\"thumbnailUrl\":\"https:\/\/www.fahmimarketing.ma\/wp-content\/uploads\/2025\/12\/2a1780fc-6a30-499a-846b-c71e3b305263.webp\",\"datePublished\":\"2025-12-14T16:27:11+00:00\",\"dateModified\":\"2025-12-31T20:55:45+00:00\",\"breadcrumb\":{\"@id\":\"https:\/\/www.fahmimarketing.ma\/product\/puce-de-boite-de-maintenance-c9345-pour-imprimantes-epson-l15150-l8050\/#breadcrumb\"},\"inLanguage\":\"ar\",\"potentialAction\":[{\"@type\":\"ReadAction\",\"target\":[\"https:\/\/www.fahmimarketing.ma\/product\/puce-de-boite-de-maintenance-c9345-pour-imprimantes-epson-l15150-l8050\/\"]}]},{\"@type\":\"ImageObject\",\"inLanguage\":\"ar\",\"@id\":\"https:\/\/www.fahmimarketing.ma\/product\/puce-de-boite-de-maintenance-c9345-pour-imprimantes-epson-l15150-l8050\/#primaryimage\",\"url\":\"https:\/\/www.fahmimarketing.ma\/wp-content\/uploads\/2025\/12\/2a1780fc-6a30-499a-846b-c71e3b305263.webp\",\"contentUrl\":\"https:\/\/www.fahmimarketing.ma\/wp-content\/uploads\/2025\/12\/2a1780fc-6a30-499a-846b-c71e3b305263.webp\",\"width\":1024,\"height\":1024},{\"@type\":\"BreadcrumbList\",\"@id\":\"https:\/\/www.fahmimarketing.ma\/product\/puce-de-boite-de-maintenance-c9345-pour-imprimantes-epson-l15150-l8050\/#breadcrumb\",\"itemListElement\":[{\"@type\":\"ListItem\",\"position\":1,\"name\":\"Accueil\",\"item\":\"https:\/\/www.fahmimarketing.ma\/\"},{\"@type\":\"ListItem\",\"position\":2,\"name\":\"Shop\",\"item\":\"https:\/\/www.fahmimarketing.ma\/shop\/\"},{\"@type\":\"ListItem\",\"position\":3,\"name\":\"Puce de Bo\u00eete de Maintenance C9345 \u2013 Pour Imprimantes Epson L15150 \/ L8050\"}]},{\"@type\":\"WebSite\",\"@id\":\"https:\/\/www.fahmimarketing.ma\/#website\",\"url\":\"https:\/\/www.fahmimarketing.ma\/\",\"name\":\"fahmimarketing\",\"description\":\"\",\"potentialAction\":[{\"@type\":\"SearchAction\",\"target\":{\"@type\":\"EntryPoint\",\"urlTemplate\":\"https:\/\/www.fahmimarketing.ma\/?s={search_term_string}\"},\"query-input\":{\"@type\":\"PropertyValueSpecification\",\"valueRequired\":true,\"valueName\":\"search_term_string\"}}],\"inLanguage\":\"ar\"}]}<\/script>\n<!-- \/ Yoast SEO plugin. -->","yoast_head_json":{"title":"Puce de Bo\u00eete de Maintenance C9345 \u2013 Pour Imprimantes Epson L15150 \/ L8050 - fahmimarketing","robots":{"index":"index","follow":"follow","max-snippet":"max-snippet:-1","max-image-preview":"max-image-preview:large","max-video-preview":"max-video-preview:-1"},"canonical":"https:\/\/www.fahmimarketing.ma\/ar\/product\/puce-de-boite-de-maintenance-c9345-pour-imprimantes-epson-l15150-l8050\/","og_locale":"ar_AR","og_type":"article","og_title":"Puce de Bo\u00eete de Maintenance C9345 \u2013 Pour Imprimantes Epson L15150 \/ L8050 - fahmimarketing","og_description":"Puce de remplacement de haute qualit\u00e9 pour bo\u00eete de maintenance (r\u00e9servoir d&rsquo;encre usag\u00e9e). Indispensable pour remettre \u00e0 z\u00e9ro le compteur de votre imprimante et continuer la production. Mod\u00e8le : C9345. Compatibilit\u00e9 : Epson L15158, L15168, L15150, L15160, L6558, L8168, L8188, L8050. Fonction : Remplacement facile pour \u00e9viter les arr\u00eats d&rsquo;impression.","og_url":"https:\/\/www.fahmimarketing.ma\/ar\/product\/puce-de-boite-de-maintenance-c9345-pour-imprimantes-epson-l15150-l8050\/","og_site_name":"fahmimarketing","article_modified_time":"2025-12-31T20:55:45+00:00","og_image":[{"width":1024,"height":1024,"url":"https:\/\/www.fahmimarketing.ma\/wp-content\/uploads\/2025\/12\/2a1780fc-6a30-499a-846b-c71e3b305263.webp","type":"image\/webp"}],"twitter_card":"summary_large_image","schema":{"@context":"https:\/\/schema.org","@graph":[{"@type":"WebPage","@id":"https:\/\/www.fahmimarketing.ma\/product\/puce-de-boite-de-maintenance-c9345-pour-imprimantes-epson-l15150-l8050\/","url":"https:\/\/www.fahmimarketing.ma\/product\/puce-de-boite-de-maintenance-c9345-pour-imprimantes-epson-l15150-l8050\/","name":"Puce de Bo\u00eete de Maintenance C9345 \u2013 Pour Imprimantes Epson L15150 \/ L8050 - fahmimarketing","isPartOf":{"@id":"https:\/\/www.fahmimarketing.ma\/#website"},"primaryImageOfPage":{"@id":"https:\/\/www.fahmimarketing.ma\/product\/puce-de-boite-de-maintenance-c9345-pour-imprimantes-epson-l15150-l8050\/#primaryimage"},"image":{"@id":"https:\/\/www.fahmimarketing.ma\/product\/puce-de-boite-de-maintenance-c9345-pour-imprimantes-epson-l15150-l8050\/#primaryimage"},"thumbnailUrl":"https:\/\/www.fahmimarketing.ma\/wp-content\/uploads\/2025\/12\/2a1780fc-6a30-499a-846b-c71e3b305263.webp","datePublished":"2025-12-14T16:27:11+00:00","dateModified":"2025-12-31T20:55:45+00:00","breadcrumb":{"@id":"https:\/\/www.fahmimarketing.ma\/product\/puce-de-boite-de-maintenance-c9345-pour-imprimantes-epson-l15150-l8050\/#breadcrumb"},"inLanguage":"ar","potentialAction":[{"@type":"ReadAction","target":["https:\/\/www.fahmimarketing.ma\/product\/puce-de-boite-de-maintenance-c9345-pour-imprimantes-epson-l15150-l8050\/"]}]},{"@type":"ImageObject","inLanguage":"ar","@id":"https:\/\/www.fahmimarketing.ma\/product\/puce-de-boite-de-maintenance-c9345-pour-imprimantes-epson-l15150-l8050\/#primaryimage","url":"https:\/\/www.fahmimarketing.ma\/wp-content\/uploads\/2025\/12\/2a1780fc-6a30-499a-846b-c71e3b305263.webp","contentUrl":"https:\/\/www.fahmimarketing.ma\/wp-content\/uploads\/2025\/12\/2a1780fc-6a30-499a-846b-c71e3b305263.webp","width":1024,"height":1024},{"@type":"BreadcrumbList","@id":"https:\/\/www.fahmimarketing.ma\/product\/puce-de-boite-de-maintenance-c9345-pour-imprimantes-epson-l15150-l8050\/#breadcrumb","itemListElement":[{"@type":"ListItem","position":1,"name":"Accueil","item":"https:\/\/www.fahmimarketing.ma\/"},{"@type":"ListItem","position":2,"name":"Shop","item":"https:\/\/www.fahmimarketing.ma\/shop\/"},{"@type":"ListItem","position":3,"name":"Puce de Bo\u00eete de Maintenance C9345 \u2013 Pour Imprimantes Epson L15150 \/ L8050"}]},{"@type":"WebSite","@id":"https:\/\/www.fahmimarketing.ma\/#website","url":"https:\/\/www.fahmimarketing.ma\/","name":"fahmimarketing","description":"","potentialAction":[{"@type":"SearchAction","target":{"@type":"EntryPoint","urlTemplate":"https:\/\/www.fahmimarketing.ma\/?s={search_term_string}"},"query-input":{"@type":"PropertyValueSpecification","valueRequired":true,"valueName":"search_term_string"}}],"inLanguage":"ar"}]}},"jetpack_sharing_enabled":true,"_links":{"self":[{"href":"https:\/\/www.fahmimarketing.ma\/ar\/wp-json\/wp\/v2\/product\/2138","targetHints":{"allow":["GET"]}}],"collection":[{"href":"https:\/\/www.fahmimarketing.ma\/ar\/wp-json\/wp\/v2\/product"}],"about":[{"href":"https:\/\/www.fahmimarketing.ma\/ar\/wp-json\/wp\/v2\/types\/product"}],"replies":[{"embeddable":true,"href":"https:\/\/www.fahmimarketing.ma\/ar\/wp-json\/wp\/v2\/comments?post=2138"}],"wp:featuredmedia":[{"embeddable":true,"href":"https:\/\/www.fahmimarketing.ma\/ar\/wp-json\/wp\/v2\/media\/2140"}],"wp:attachment":[{"href":"https:\/\/www.fahmimarketing.ma\/ar\/wp-json\/wp\/v2\/media?parent=2138"}],"wp:term":[{"taxonomy":"product_brand","embeddable":true,"href":"https:\/\/www.fahmimarketing.ma\/ar\/wp-json\/wp\/v2\/product_brand?post=2138"},{"taxonomy":"product_cat","embeddable":true,"href":"https:\/\/www.fahmimarketing.ma\/ar\/wp-json\/wp\/v2\/product_cat?post=2138"},{"taxonomy":"product_tag","embeddable":true,"href":"https:\/\/www.fahmimarketing.ma\/ar\/wp-json\/wp\/v2\/product_tag?post=2138"}],"curies":[{"name":"wp","href":"https:\/\/api.w.org\/{rel}","templated":true}]}}