{"id":2142,"date":"2025-12-14T16:54:46","date_gmt":"2025-12-14T16:54:46","guid":{"rendered":"https:\/\/www.fahmimarketing.ma\/?post_type=product&#038;p=2142"},"modified":"2025-12-31T20:54:38","modified_gmt":"2025-12-31T20:54:38","slug":"pack-6-bouteilles-dencre-epson-108-original-pour-ecotank-l8050-l18050","status":"publish","type":"product","link":"https:\/\/www.fahmimarketing.ma\/ar\/product\/pack-6-bouteilles-dencre-epson-108-original-pour-ecotank-l8050-l18050\/","title":{"rendered":"Pack 6 Bouteilles d\u2019Encre Epson 108 Original \u2013 Pour EcoTank L8050 &#038; L18050"},"content":{"rendered":"<p>Obtenez des photos d&rsquo;une qualit\u00e9 exceptionnelle avec ce pack complet de 6 bouteilles d&rsquo;encre d&rsquo;origine Epson 108. Sp\u00e9cialement formul\u00e9es pour les imprimantes photo EcoTank, ces encres garantissent des d\u00e9grad\u00e9s subtils et des couleurs \u00e9clatantes.<\/p>\n<p>Pack Complet 6 Couleurs : Comprend Noir, Cyan, Magenta, Jaune, Cyan Clair et Magenta Clair pour une pr\u00e9cision photo in\u00e9gal\u00e9e.<\/p>\n<p>Compatibilit\u00e9 Parfaite : Con\u00e7u exclusivement pour les imprimantes Epson EcoTank L8050 et L18050.<\/p>\n<p>Qualit\u00e9 Studio : Id\u00e9al pour les photographes et les impressions haute d\u00e9finition sur papier glac\u00e9 ou mat.<\/p>\n<p>Haute Capacit\u00e9 : Bouteilles de 70ml permettant d&rsquo;imprimer un grand volume de photos \u00e0 faible co\u00fbt<\/p>","protected":false},"excerpt":{"rendered":"<p>Obtenez des photos d&rsquo;une qualit\u00e9 exceptionnelle avec ce pack complet de 6 bouteilles d&rsquo;encre d&rsquo;origine Epson 108. Sp\u00e9cialement formul\u00e9es pour les imprimantes photo EcoTank, ces encres garantissent des d\u00e9grad\u00e9s subtils et des couleurs \u00e9clatantes. Pack Complet 6 Couleurs : Comprend Noir, Cyan, Magenta, Jaune, Cyan Clair et Magenta Clair pour une pr\u00e9cision photo in\u00e9gal\u00e9e. Compatibilit\u00e9 Parfaite : Con\u00e7u exclusivement pour\u2026<\/p>","protected":false},"featured_media":2143,"comment_status":"open","ping_status":"closed","template":"","meta":{"_joinchat":[]},"product_brand":[],"product_cat":[66],"product_tag":[],"class_list":{"0":"post-2142","1":"product","2":"type-product","3":"status-publish","4":"has-post-thumbnail","6":"product_cat-epson","8":"first","9":"instock","10":"sale","11":"shipping-taxable","12":"purchasable","13":"product-type-simple"},"yoast_head":"<!-- This site is optimized with the Yoast SEO plugin v26.6 - https:\/\/yoast.com\/wordpress\/plugins\/seo\/ -->\n<title>Pack 6 Bouteilles d\u2019Encre Epson 108 Original \u2013 Pour EcoTank L8050 &amp; L18050 - fahmimarketing<\/title>\n<meta name=\"robots\" content=\"index, follow, max-snippet:-1, max-image-preview:large, max-video-preview:-1\" \/>\n<link rel=\"canonical\" href=\"https:\/\/www.fahmimarketing.ma\/ar\/product\/pack-6-bouteilles-dencre-epson-108-original-pour-ecotank-l8050-l18050\/\" \/>\n<meta property=\"og:locale\" content=\"ar_AR\" \/>\n<meta property=\"og:type\" content=\"article\" \/>\n<meta property=\"og:title\" content=\"Pack 6 Bouteilles d\u2019Encre Epson 108 Original \u2013 Pour EcoTank L8050 &amp; L18050 - fahmimarketing\" \/>\n<meta property=\"og:description\" content=\"Obtenez des photos d&rsquo;une qualit\u00e9 exceptionnelle avec ce pack complet de 6 bouteilles d&rsquo;encre d&rsquo;origine Epson 108. Sp\u00e9cialement formul\u00e9es pour les imprimantes photo EcoTank, ces encres garantissent des d\u00e9grad\u00e9s subtils et des couleurs \u00e9clatantes. Pack Complet 6 Couleurs : Comprend Noir, Cyan, Magenta, Jaune, Cyan Clair et Magenta Clair pour une pr\u00e9cision photo in\u00e9gal\u00e9e. Compatibilit\u00e9 Parfaite : Con\u00e7u exclusivement pour\u2026\" \/>\n<meta property=\"og:url\" content=\"https:\/\/www.fahmimarketing.ma\/ar\/product\/pack-6-bouteilles-dencre-epson-108-original-pour-ecotank-l8050-l18050\/\" \/>\n<meta property=\"og:site_name\" content=\"fahmimarketing\" \/>\n<meta property=\"article:modified_time\" content=\"2025-12-31T20:54:38+00:00\" \/>\n<meta property=\"og:image\" content=\"https:\/\/www.fahmimarketing.ma\/wp-content\/uploads\/2025\/12\/56db7324-92b1-47ec-b904-059feaa3e263.webp\" \/>\n\t<meta property=\"og:image:width\" content=\"1024\" \/>\n\t<meta property=\"og:image:height\" content=\"1024\" \/>\n\t<meta property=\"og:image:type\" content=\"image\/webp\" \/>\n<meta name=\"twitter:card\" content=\"summary_large_image\" \/>\n<meta name=\"twitter:label1\" content=\"\u0648\u0642\u062a \u0627\u0644\u0642\u0631\u0627\u0621\u0629 \u0627\u0644\u0645\u064f\u0642\u062f\u0651\u0631\" \/>\n\t<meta name=\"twitter:data1\" content=\"\u062f\u0642\u064a\u0642\u0629 \u0648\u0627\u062d\u062f\u0629\" \/>\n<script type=\"application\/ld+json\" class=\"yoast-schema-graph\">{\"@context\":\"https:\/\/schema.org\",\"@graph\":[{\"@type\":\"WebPage\",\"@id\":\"https:\/\/www.fahmimarketing.ma\/product\/pack-6-bouteilles-dencre-epson-108-original-pour-ecotank-l8050-l18050\/\",\"url\":\"https:\/\/www.fahmimarketing.ma\/product\/pack-6-bouteilles-dencre-epson-108-original-pour-ecotank-l8050-l18050\/\",\"name\":\"Pack 6 Bouteilles d\u2019Encre Epson 108 Original \u2013 Pour EcoTank L8050 & L18050 - fahmimarketing\",\"isPartOf\":{\"@id\":\"https:\/\/www.fahmimarketing.ma\/#website\"},\"primaryImageOfPage\":{\"@id\":\"https:\/\/www.fahmimarketing.ma\/product\/pack-6-bouteilles-dencre-epson-108-original-pour-ecotank-l8050-l18050\/#primaryimage\"},\"image\":{\"@id\":\"https:\/\/www.fahmimarketing.ma\/product\/pack-6-bouteilles-dencre-epson-108-original-pour-ecotank-l8050-l18050\/#primaryimage\"},\"thumbnailUrl\":\"https:\/\/www.fahmimarketing.ma\/wp-content\/uploads\/2025\/12\/56db7324-92b1-47ec-b904-059feaa3e263.webp\",\"datePublished\":\"2025-12-14T16:54:46+00:00\",\"dateModified\":\"2025-12-31T20:54:38+00:00\",\"breadcrumb\":{\"@id\":\"https:\/\/www.fahmimarketing.ma\/product\/pack-6-bouteilles-dencre-epson-108-original-pour-ecotank-l8050-l18050\/#breadcrumb\"},\"inLanguage\":\"ar\",\"potentialAction\":[{\"@type\":\"ReadAction\",\"target\":[\"https:\/\/www.fahmimarketing.ma\/product\/pack-6-bouteilles-dencre-epson-108-original-pour-ecotank-l8050-l18050\/\"]}]},{\"@type\":\"ImageObject\",\"inLanguage\":\"ar\",\"@id\":\"https:\/\/www.fahmimarketing.ma\/product\/pack-6-bouteilles-dencre-epson-108-original-pour-ecotank-l8050-l18050\/#primaryimage\",\"url\":\"https:\/\/www.fahmimarketing.ma\/wp-content\/uploads\/2025\/12\/56db7324-92b1-47ec-b904-059feaa3e263.webp\",\"contentUrl\":\"https:\/\/www.fahmimarketing.ma\/wp-content\/uploads\/2025\/12\/56db7324-92b1-47ec-b904-059feaa3e263.webp\",\"width\":1024,\"height\":1024},{\"@type\":\"BreadcrumbList\",\"@id\":\"https:\/\/www.fahmimarketing.ma\/product\/pack-6-bouteilles-dencre-epson-108-original-pour-ecotank-l8050-l18050\/#breadcrumb\",\"itemListElement\":[{\"@type\":\"ListItem\",\"position\":1,\"name\":\"Accueil\",\"item\":\"https:\/\/www.fahmimarketing.ma\/\"},{\"@type\":\"ListItem\",\"position\":2,\"name\":\"Shop\",\"item\":\"https:\/\/www.fahmimarketing.ma\/shop\/\"},{\"@type\":\"ListItem\",\"position\":3,\"name\":\"Pack 6 Bouteilles d\u2019Encre Epson 108 Original \u2013 Pour EcoTank L8050 &#038; L18050\"}]},{\"@type\":\"WebSite\",\"@id\":\"https:\/\/www.fahmimarketing.ma\/#website\",\"url\":\"https:\/\/www.fahmimarketing.ma\/\",\"name\":\"fahmimarketing\",\"description\":\"\",\"potentialAction\":[{\"@type\":\"SearchAction\",\"target\":{\"@type\":\"EntryPoint\",\"urlTemplate\":\"https:\/\/www.fahmimarketing.ma\/?s={search_term_string}\"},\"query-input\":{\"@type\":\"PropertyValueSpecification\",\"valueRequired\":true,\"valueName\":\"search_term_string\"}}],\"inLanguage\":\"ar\"}]}<\/script>\n<!-- \/ Yoast SEO plugin. -->","yoast_head_json":{"title":"Pack 6 Bouteilles d\u2019Encre Epson 108 Original \u2013 Pour EcoTank L8050 & L18050 - fahmimarketing","robots":{"index":"index","follow":"follow","max-snippet":"max-snippet:-1","max-image-preview":"max-image-preview:large","max-video-preview":"max-video-preview:-1"},"canonical":"https:\/\/www.fahmimarketing.ma\/ar\/product\/pack-6-bouteilles-dencre-epson-108-original-pour-ecotank-l8050-l18050\/","og_locale":"ar_AR","og_type":"article","og_title":"Pack 6 Bouteilles d\u2019Encre Epson 108 Original \u2013 Pour EcoTank L8050 & L18050 - fahmimarketing","og_description":"Obtenez des photos d&rsquo;une qualit\u00e9 exceptionnelle avec ce pack complet de 6 bouteilles d&rsquo;encre d&rsquo;origine Epson 108. Sp\u00e9cialement formul\u00e9es pour les imprimantes photo EcoTank, ces encres garantissent des d\u00e9grad\u00e9s subtils et des couleurs \u00e9clatantes. Pack Complet 6 Couleurs : Comprend Noir, Cyan, Magenta, Jaune, Cyan Clair et Magenta Clair pour une pr\u00e9cision photo in\u00e9gal\u00e9e. Compatibilit\u00e9 Parfaite : Con\u00e7u exclusivement pour\u2026","og_url":"https:\/\/www.fahmimarketing.ma\/ar\/product\/pack-6-bouteilles-dencre-epson-108-original-pour-ecotank-l8050-l18050\/","og_site_name":"fahmimarketing","article_modified_time":"2025-12-31T20:54:38+00:00","og_image":[{"width":1024,"height":1024,"url":"https:\/\/www.fahmimarketing.ma\/wp-content\/uploads\/2025\/12\/56db7324-92b1-47ec-b904-059feaa3e263.webp","type":"image\/webp"}],"twitter_card":"summary_large_image","twitter_misc":{"\u0648\u0642\u062a \u0627\u0644\u0642\u0631\u0627\u0621\u0629 \u0627\u0644\u0645\u064f\u0642\u062f\u0651\u0631":"\u062f\u0642\u064a\u0642\u0629 \u0648\u0627\u062d\u062f\u0629"},"schema":{"@context":"https:\/\/schema.org","@graph":[{"@type":"WebPage","@id":"https:\/\/www.fahmimarketing.ma\/product\/pack-6-bouteilles-dencre-epson-108-original-pour-ecotank-l8050-l18050\/","url":"https:\/\/www.fahmimarketing.ma\/product\/pack-6-bouteilles-dencre-epson-108-original-pour-ecotank-l8050-l18050\/","name":"Pack 6 Bouteilles d\u2019Encre Epson 108 Original \u2013 Pour EcoTank L8050 & L18050 - fahmimarketing","isPartOf":{"@id":"https:\/\/www.fahmimarketing.ma\/#website"},"primaryImageOfPage":{"@id":"https:\/\/www.fahmimarketing.ma\/product\/pack-6-bouteilles-dencre-epson-108-original-pour-ecotank-l8050-l18050\/#primaryimage"},"image":{"@id":"https:\/\/www.fahmimarketing.ma\/product\/pack-6-bouteilles-dencre-epson-108-original-pour-ecotank-l8050-l18050\/#primaryimage"},"thumbnailUrl":"https:\/\/www.fahmimarketing.ma\/wp-content\/uploads\/2025\/12\/56db7324-92b1-47ec-b904-059feaa3e263.webp","datePublished":"2025-12-14T16:54:46+00:00","dateModified":"2025-12-31T20:54:38+00:00","breadcrumb":{"@id":"https:\/\/www.fahmimarketing.ma\/product\/pack-6-bouteilles-dencre-epson-108-original-pour-ecotank-l8050-l18050\/#breadcrumb"},"inLanguage":"ar","potentialAction":[{"@type":"ReadAction","target":["https:\/\/www.fahmimarketing.ma\/product\/pack-6-bouteilles-dencre-epson-108-original-pour-ecotank-l8050-l18050\/"]}]},{"@type":"ImageObject","inLanguage":"ar","@id":"https:\/\/www.fahmimarketing.ma\/product\/pack-6-bouteilles-dencre-epson-108-original-pour-ecotank-l8050-l18050\/#primaryimage","url":"https:\/\/www.fahmimarketing.ma\/wp-content\/uploads\/2025\/12\/56db7324-92b1-47ec-b904-059feaa3e263.webp","contentUrl":"https:\/\/www.fahmimarketing.ma\/wp-content\/uploads\/2025\/12\/56db7324-92b1-47ec-b904-059feaa3e263.webp","width":1024,"height":1024},{"@type":"BreadcrumbList","@id":"https:\/\/www.fahmimarketing.ma\/product\/pack-6-bouteilles-dencre-epson-108-original-pour-ecotank-l8050-l18050\/#breadcrumb","itemListElement":[{"@type":"ListItem","position":1,"name":"Accueil","item":"https:\/\/www.fahmimarketing.ma\/"},{"@type":"ListItem","position":2,"name":"Shop","item":"https:\/\/www.fahmimarketing.ma\/shop\/"},{"@type":"ListItem","position":3,"name":"Pack 6 Bouteilles d\u2019Encre Epson 108 Original \u2013 Pour EcoTank L8050 &#038; L18050"}]},{"@type":"WebSite","@id":"https:\/\/www.fahmimarketing.ma\/#website","url":"https:\/\/www.fahmimarketing.ma\/","name":"fahmimarketing","description":"","potentialAction":[{"@type":"SearchAction","target":{"@type":"EntryPoint","urlTemplate":"https:\/\/www.fahmimarketing.ma\/?s={search_term_string}"},"query-input":{"@type":"PropertyValueSpecification","valueRequired":true,"valueName":"search_term_string"}}],"inLanguage":"ar"}]}},"jetpack_sharing_enabled":true,"_links":{"self":[{"href":"https:\/\/www.fahmimarketing.ma\/ar\/wp-json\/wp\/v2\/product\/2142","targetHints":{"allow":["GET"]}}],"collection":[{"href":"https:\/\/www.fahmimarketing.ma\/ar\/wp-json\/wp\/v2\/product"}],"about":[{"href":"https:\/\/www.fahmimarketing.ma\/ar\/wp-json\/wp\/v2\/types\/product"}],"replies":[{"embeddable":true,"href":"https:\/\/www.fahmimarketing.ma\/ar\/wp-json\/wp\/v2\/comments?post=2142"}],"wp:featuredmedia":[{"embeddable":true,"href":"https:\/\/www.fahmimarketing.ma\/ar\/wp-json\/wp\/v2\/media\/2143"}],"wp:attachment":[{"href":"https:\/\/www.fahmimarketing.ma\/ar\/wp-json\/wp\/v2\/media?parent=2142"}],"wp:term":[{"taxonomy":"product_brand","embeddable":true,"href":"https:\/\/www.fahmimarketing.ma\/ar\/wp-json\/wp\/v2\/product_brand?post=2142"},{"taxonomy":"product_cat","embeddable":true,"href":"https:\/\/www.fahmimarketing.ma\/ar\/wp-json\/wp\/v2\/product_cat?post=2142"},{"taxonomy":"product_tag","embeddable":true,"href":"https:\/\/www.fahmimarketing.ma\/ar\/wp-json\/wp\/v2\/product_tag?post=2142"}],"curies":[{"name":"wp","href":"https:\/\/api.w.org\/{rel}","templated":true}]}}